{"id":4719,"date":"2017-04-19T17:56:52","date_gmt":"2017-04-19T15:56:52","guid":{"rendered":"http:\/\/www.werkstatt-atmani.com\/pressemitteilung\/"},"modified":"2017-05-02T13:23:43","modified_gmt":"2017-05-02T11:23:43","slug":"pressemitteilung","status":"publish","type":"page","link":"http:\/\/www.werkstatt-atmani.com\/de\/pressemitteilung\/","title":{"rendered":"Pressemitteilung"},"content":{"rendered":"<p>[vc_row][vc_column][vc_column_text]<strong>pashmin art GALLERY <\/strong><\/p>\n<p>in Kooperation mit:<\/p>\n<p>MUSEUM OF CONTEMPORARY ART BEIJING (MOCA), CHINA<\/p>\n<p><strong><b>Pressemitteilung<\/b><\/strong><\/p>\n<p>Formen voller Gesetzm\u00e4\u00dfigkeit. Harmonische Gebilde von gro\u00dfer Sch\u00f6nheit. Kraftvolle, kosmische Signaturen. Kommentare wie diese fallen immer wieder, wenn Au\u00dfenstehende die Bilder von Atmani zum ersten Mal betrachten. Jetzt sind Arbeiten aus der Werkstatt des in Hirschhorn am Neckar lebenden K\u00fcnstlers erstmals auf internationalem Parkett zu sehen: im \u201eMOCA \u2013 Museum Of Contemporary Art Beijing\u201c, dem bedeutendsten Museum f\u00fcr zeitgen\u00f6ssische Kunst in Asien. Unter dem Titel \u201eDurchbruch zum Licht\u201c werden Atmanis Werke dort vom 26. April bis zum 10. Juni im Rahmen der Ausstellung \u201ePartnerships\u201c gezeigt: einer Plattform f\u00fcr zeitgen\u00f6ssische, europ\u00e4ische und asiatische Kunst. Initiator und Konzeptgestalter ist die Pashmin Art Gallery, Hamburg: \u201eZiel dieser Arbeit ist es, mit Kunst Br\u00fccken zwischen den Kulturen zu bauen und dabei neue Perspektiven zu er\u00f6ffnen.\u201c<\/p>\n<p>In den Arbeiten Atmanis verschmelzen Kunst und Wissenschaft auf neue, ungew\u00f6hnliche Weise. Das den Ton-Kreis-Bildern zu Grunde liegende Prinzip ist die Musik in all ihren Facetten. Dennoch sind die jetzt pr\u00e4sentierten illuminierten Textildrucke keineswegs durch \u00e4sthetische Willk\u00fcr entstanden. Vielmehr basieren sie auf mathematischen Intervall- und Harmoniegesetzen: wohl weltweit einzigartig in der bildenden Kunst. Ausgangspunkt der Bilder ist die \u201eKymatik\u201c, ein interdisziplin\u00e4res Forschungsfeld, das die Verbindung von Ton- und Stoffph\u00e4nomenen untersucht. Der besondere Clou: Manche der Ton-Kreis-Bilder, die Atmani als Triptycha geschaffen hat, visualisieren Teile von Chorkompositionen, die der 52-j\u00e4hrige selber geschrieben hat. Dabei spiegeln die Motive der Handdrucke den m\u00e4nnlichen und weiblichen Pol der Seele wider. Das k\u00fcnstlerisch ausgef\u00fchrte Mittebild vermittelt und steigert die die beiden Pole.<\/p>\n<p>Ein Novum: die Entstehung von Ton-Kreis-Bildern kann auf einer Leinwand <strong><b>live<\/b><\/strong> in der Pekinger Schau beobachtet werden. Mit Hilfe einer Lichtorgel pr\u00e4sentiert eine\u00a0Pianistin n\u00e4mlich am 26. April 2017 erstmals der Welt\u00f6ffentlichkeit in einer Urauff\u00fchrung, wie Kl\u00e4nge in bewegte Bilder verwandelt werden. Die dort vorgestellte Lichtorgel ist eine Weltneuheit, die die Pianistin ebenfalls in einer musikalisch-sch\u00f6pferischen Weise spielen wird. Die sich st\u00e4ndig ver\u00e4ndernden Strukturen reagieren dabei auf feinste Nuancen der Tastenk\u00fcnstlerin, die den Raum durch ihr Spiel zus\u00e4tzlich in schillernde Farben taucht. Mit der Lichtorgel wird der schon von Alexander Skrjabin in seiner Oper \u201ePrometheus\u201c eingeschlagene Weg fortgesetzt, eine Komposition aus Musik, Licht und Farben zu bilden: ein Forschungsgebiet, das einst auch Bauhaus-K\u00fcnstler befl\u00fcgelte.<\/p>\n<p><strong><b>ER\u00d6FFNUNG: 26. April 2017, MOCA Beijing, CHINA<\/b><\/strong><\/p>\n<p><strong><b>LAUFZEIT: 27. April bis 10 Juni 2017<\/b><\/strong><\/p>\n<p><strong><b>Weitere Infos &amp; Details unter: <\/b><\/strong><a href=\"http:\/\/www.werkstatt-atmani.com\">www.werkstatt-atmani.com<\/a> und <a href=\"http:\/\/www.pashminart-gallery.com\">www.pashminart-gallery.com<\/a>[\/vc_column_text][\/vc_column][\/vc_row]<\/p>\n","protected":false},"excerpt":{"rendered":"<p>[vc_row][vc_column][vc_column_text]pashmin art GALLERY in Kooperation mit: MUSEUM OF CONTEMPORARY ART BEIJING (MOCA), CHINA Pressemitteilung Formen voller Gesetzm\u00e4\u00dfigkeit. Harmonische Gebilde von gro\u00dfer Sch\u00f6nheit. Kraftvolle, kosmische Signaturen. Kommentare wie diese fallen immer wieder, wenn Au\u00dfenstehende die Bilder von Atmani zum ersten Mal betrachten. Jetzt sind Arbeiten aus der Werkstatt des in Hirschhorn am Neckar lebenden K\u00fcnstlers erstmals&hellip;<\/p>\n","protected":false},"author":1,"featured_media":0,"parent":0,"menu_order":0,"comment_status":"closed","ping_status":"closed","template":"","meta":{"inline_featured_image":false},"acf":[],"_links":{"self":[{"href":"http:\/\/www.werkstatt-atmani.com\/de\/wp-json\/wp\/v2\/pages\/4719\/"}],"collection":[{"href":"http:\/\/www.werkstatt-atmani.com\/de\/wp-json\/wp\/v2\/pages\/"}],"about":[{"href":"http:\/\/www.werkstatt-atmani.com\/de\/wp-json\/wp\/v2\/types\/page\/"}],"author":[{"embeddable":true,"href":"http:\/\/www.werkstatt-atmani.com\/de\/wp-json\/wp\/v2\/users\/1\/"}],"replies":[{"embeddable":true,"href":"http:\/\/www.werkstatt-atmani.com\/de\/wp-json\/wp\/v2\/comments\/?post=4719"}],"version-history":[{"count":3,"href":"http:\/\/www.werkstatt-atmani.com\/de\/wp-json\/wp\/v2\/pages\/4719\/revisions\/"}],"predecessor-version":[{"id":4761,"href":"http:\/\/www.werkstatt-atmani.com\/de\/wp-json\/wp\/v2\/pages\/4719\/revisions\/4761\/"}],"wp:attachment":[{"href":"http:\/\/www.werkstatt-atmani.com\/de\/wp-json\/wp\/v2\/media\/?parent=4719"}],"curies":[{"name":"wp","href":"https:\/\/api.w.org\/{rel}","templated":true}]}}