{"id":4628,"date":"2017-04-10T15:52:00","date_gmt":"2017-04-10T13:52:00","guid":{"rendered":"http:\/\/www.werkstatt-atmani.com\/?page_id=4628\/"},"modified":"2017-07-14T12:54:58","modified_gmt":"2017-07-14T10:54:58","slug":"kymatik","status":"publish","type":"page","link":"http:\/\/www.werkstatt-atmani.com\/de\/kymatik\/","title":{"rendered":"Kymatik"},"content":{"rendered":"<p>Einige Bemerkungen zu der neuen Methode (Kymatik):<\/p>\n<p>Das Sichtbarmachen von Kl\u00e4ngen hat der Schweizer Arzt Hans Jenny (*1904 \u2013 \u20201972) begonnen und Kymatik genannt. Es gibt zwar zwei wichtige Vorl\u00e4ufer, Ernst Florens Friedrich Chladni (*1756 \u2013 \u20201827) , Begr\u00fcnder der Akustik (mit den Chladnischen Klangfiguren) und Margaret Watts Hughes (*1842 \u2013 \u20201907) (mit dem Tonoskop, Eidophone), das unmittelbar Kl\u00e4nge der Stimme in Formen umsetzt, aber die neue wissenschaftliche Ausrichtung, alles aus dem Blickwinkel des Tones anzuschauen mit heutiger, neuster Technik, hat Hans Jenny begonnen. Die Ton-Kreis-Bilder sind also eine Weiterentwicklung eines Experimentes von Hans Jenny mit einem Oszillographen, indem einzelne T\u00f6ne immer einen Kreis bilden, Intervalle zweier T\u00f6ne aber Formen. Und zugleich sind die Ton-Kreis-Bilder eine Weiterf\u00fchrung der Lichtorgel von Alexander Skrjabin. So sind sie Kunst und Wissenschaft in einem, wenn ein K\u00fcnstler sie ergreift in der Darstellung eines Musikst\u00fcckes.<\/p>\n<p><a href=\"http:\/\/www.schule-fuer-kymatik.org\" target=\"_blank\" rel=\"noopener noreferrer\">www.schule-fuer-kymatik.org<\/a><\/p>\n<p>Auf der Homepage <a class=\"external-link-new-window\" href=\"http:\/\/atmani-cymatics.org\/\">atmani-cymatics.org<\/a> finden sie ein umfangreiches Reisetagebuch zur Reise der Werkstatt Atmani nach Beijing\/Peking. Neben weiteren Texten und Experimente von Atmani sind hier auch Ausz\u00fcge aus dem Tagebuch von Hans Jenny zu finden.<\/p>\n","protected":false},"excerpt":{"rendered":"<p>Einige Bemerkungen zu der neuen Methode (Kymatik): Das Sichtbarmachen von Kl\u00e4ngen hat der Schweizer Arzt Hans Jenny (*1904 \u2013 \u20201972) begonnen und Kymatik genannt. Es gibt zwar zwei wichtige Vorl\u00e4ufer, Ernst Florens Friedrich Chladni (*1756 \u2013 \u20201827) , Begr\u00fcnder der Akustik (mit den Chladnischen Klangfiguren) und Margaret Watts Hughes (*1842 \u2013 \u20201907) (mit dem Tonoskop,&hellip;<\/p>\n","protected":false},"author":1,"featured_media":0,"parent":0,"menu_order":0,"comment_status":"closed","ping_status":"closed","template":"","meta":{"inline_featured_image":false},"acf":[],"_links":{"self":[{"href":"http:\/\/www.werkstatt-atmani.com\/de\/wp-json\/wp\/v2\/pages\/4628\/"}],"collection":[{"href":"http:\/\/www.werkstatt-atmani.com\/de\/wp-json\/wp\/v2\/pages\/"}],"about":[{"href":"http:\/\/www.werkstatt-atmani.com\/de\/wp-json\/wp\/v2\/types\/page\/"}],"author":[{"embeddable":true,"href":"http:\/\/www.werkstatt-atmani.com\/de\/wp-json\/wp\/v2\/users\/1\/"}],"replies":[{"embeddable":true,"href":"http:\/\/www.werkstatt-atmani.com\/de\/wp-json\/wp\/v2\/comments\/?post=4628"}],"version-history":[{"count":4,"href":"http:\/\/www.werkstatt-atmani.com\/de\/wp-json\/wp\/v2\/pages\/4628\/revisions\/"}],"predecessor-version":[{"id":4764,"href":"http:\/\/www.werkstatt-atmani.com\/de\/wp-json\/wp\/v2\/pages\/4628\/revisions\/4764\/"}],"wp:attachment":[{"href":"http:\/\/www.werkstatt-atmani.com\/de\/wp-json\/wp\/v2\/media\/?parent=4628"}],"curies":[{"name":"wp","href":"https:\/\/api.w.org\/{rel}","templated":true}]}}