{"id":3359,"date":"2015-03-19T17:54:23","date_gmt":"2015-03-19T16:54:23","guid":{"rendered":"http:\/\/demo-content.kaliumtheme.com\/main\/?page_id=3359"},"modified":"2017-07-31T12:14:09","modified_gmt":"2017-07-31T10:14:09","slug":"home","status":"publish","type":"page","link":"http:\/\/www.werkstatt-atmani.com\/de\/","title":{"rendered":"Home"},"content":{"rendered":"<p>[vc_row full_width=&#8220;stretch_row_content_no_spaces&#8220; no_bottom_margin=&#8220;yes&#8220;][vc_column][rev_slider_vc alias=&#8220;homepage&#8220;][\/vc_column][\/vc_row][vc_row no_bottom_margin=&#8220;yes&#8220; css=&#8220;.vc_custom_1491397406119{padding-top: 40px !important;padding-bottom: 40px !important;}&#8220; el_id=&#8220;main&#8220;][vc_column][vc_column_text]<\/p>\n<h3>Kunst aus Tonlicht und Farbenklang (Wort)<\/h3>\n<p>&nbsp;<\/p>\n<p>Was verbindet unsere Kulturen?<\/p>\n<p>Wie k\u00f6nnen wir gestaltend zusammen wachsen?<\/p>\n<p>Wir erleben alles durch das Licht und den Gegenpol, die Finsternis.<\/p>\n<p>Der Mensch steht an der Schwelle: Schafft er es die Mitte zu bilden?<\/p>\n<p>Wollen wir die werdende Welt in ihrer Harmonie wahrnehmen lernen?<\/p>\n<p>Ihre Gesetze in Licht, Finsternis und den Farben, die sich zwischen ihnen bilden in der werdenden Mitte?<\/p>\n<p>Logos (griechisch) \u2013 Wort (deutsch) beinhaltet Licht und Klang. In unserer Welt sind Licht in Farben und der Klang in T\u00f6nen ausgebreitet.<\/p>\n<p>&nbsp;<\/p>\n<p>Neue Methode: Kymatik von griechisch Kyma \u2013 Welle. Wie gestaltet sich die Welt, wenn wir in einem Experiment einem Stoff den Tonklang zusetzen? Es bilden sich durch den Tonklang neue Formen, die es in der bisherigen Natur noch nicht gibt. Alles k\u00f6nnen wir mit der Kymatik untersuchen. Alles wird neu betrachtet und erscheint im Gegensatz von Gestalt (Form) und Bewegung, vermittelt durch den Rhythmus.<\/p>\n<p>In den Triptycha sehen wir den Gegensatz von Licht und Finsternis, von m\u00e4nnlich und weiblich (links und rechts). Das Bild in der Mitte ist die Freiheit, gemalt zwischen den beiden Polen.<\/p>\n<p>Die Tonkreisbilder fassen die Form, die T\u00f6ne werden Gestalt. Sichtbarer Tonklang: Harmonie.<\/p>\n<p>Die Lichtorgel f\u00fchrt zusammen, was in der Welt auseinanderf\u00e4llt. Beginn einer neuen Welt, in der Menschen nach dem Lichtklang, dem Farbenlicht in sich, in der Welt und mit den Kulturen eine neue Harmonie bilden.<\/p>\n<p>&nbsp;<\/p>\n<p><strong><a href=\"http:\/\/www.werkstatt-atmani.com\/wp-content\/uploads\/2015\/03\/Werkstatt-Atmani.pdf\" target=\"_blank\" rel=\"noopener noreferrer\">Austellungsbrosch\u00fcre<\/a><\/strong>[\/vc_column_text][\/vc_column][\/vc_row][vc_row css=&#8220;.vc_custom_1493026194526{margin-bottom: 50px !important;}&#8220;][vc_column][vc_separator color=&#8220;custom&#8220; accent_color=&#8220;#fbc441&#8243;][\/vc_column][\/vc_row][vc_row no_bottom_margin=&#8220;yes&#8220; css=&#8220;.vc_custom_1492612714092{padding-bottom: 40px !important;}&#8220;][vc_column][vc_column_text]<\/p>\n<h3>Johanni-Bilder<\/h3>\n<p>[\/vc_column_text][lab_portfolio_items category_filter=&#8220;no&#8220; portfolio_type=&#8220;type-2&#8243; dynamic_image_height=&#8220;yes&#8220; pagination_type=&#8220;endless&#8220; endless_show_more_button_text=&#8220;Mehr&#8220; endless_no_more_items_button_text=&#8220;Keine weiteren Arbeiten verf\u00fcgbar&#8220; portfolio_query=&#8220;size:8|order_by:date|post_type:,portfolio|by_id:4785&#8243;][\/vc_column][\/vc_row][vc_row css=&#8220;.vc_custom_1493026194526{margin-bottom: 50px !important;}&#8220;][vc_column][vc_separator color=&#8220;custom&#8220; accent_color=&#8220;#fbc441&#8243;][\/vc_column][\/vc_row][vc_row no_bottom_margin=&#8220;yes&#8220; css=&#8220;.vc_custom_1492612714092{padding-bottom: 40px !important;}&#8220;][vc_column][vc_column_text]<\/p>\n<h3>Trypticha<\/h3>\n<p>[\/vc_column_text][lab_portfolio_items category_filter=&#8220;no&#8220; portfolio_type=&#8220;type-2&#8243; dynamic_image_height=&#8220;yes&#8220; pagination_type=&#8220;endless&#8220; endless_show_more_button_text=&#8220;Mehr&#8220; endless_no_more_items_button_text=&#8220;Keine weiteren Arbeiten verf\u00fcgbar&#8220; portfolio_query=&#8220;size:8|order_by:date|post_type:,portfolio|by_id:4385,4381,4377,4375,4368&#8243;][vc_column_text]<\/p>\n<h3>Durchbruch zum Licht<\/h3>\n<p>Die Bilder der Serie &#8222;Durchbruch zum Licht&#8220; wollen Stufen beschreiben, durch die wir zum Licht gelangen. Es sind Stufen dargestellt, die jeweils aus dem Zentrum und der Peripherie gebildet sind. Zu jeder Stufe geh\u00f6rt also eine zentrale Sichtweise und eine aus der Peripherie. Dabei werden nach dieser neuen Methode T\u00f6ne, Intervalle und Passagen aus Kompositionen sichtbar gemacht, so dass die Bilder aus dem Tonwesen entstehen. Die Bilder selbst sind eine Mischtechnik aus Siebdruck mit Pflanzenfarben und Gold und Silber.<\/p>\n<div id=\"triptychs-link-3359\" class=\"sh-link triptychs-link sh-hide\"><a href=\"#\" class=\"link-toggle\" onclick=\"showhide_toggle('triptychs', 3359, 'Weiterlesen...', 'Weniger...'); return false;\" aria-expanded=\"false\"><button id=\"triptychs-toggle-3359\" class=\"btn btn-primary\">Weiterlesen...<\/button><\/a><\/div><div id=\"triptychs-content-3359\" class=\"sh-content triptychs-content sh-hide\" style=\"display: none;\">\n<p>In der Natur gibt es sich ausdehnende (zentrifugale) und zusammenziehende (zentripetale) Kr\u00e4fte. Die ausdehnenden sind vorwiegend im Physischen auffindbare Kr\u00e4fte, sie wirken vom Zentrum in die Peripherie. Diese Bewegung ist \u00fcberwiegend linear, in ihr finden wir das m\u00e4nnliche Prinzip wieder.<\/p>\n<p>Die zusammenziehenden Kr\u00e4fte finden wir eine Stufe h\u00f6her als die Physischen. Es sind saugende Kr\u00e4fte, von der Peripherie zum Zentrum hin. Diese Bewegung ist \u00fcberwiegend nicht linear, sondern wirbelnd.<\/p>\n<p>Das Zentrale kann als Animusprinzip, das Periphere als Animaprinzip der Seele angeschaut werden. Dabei wird ein Verfahren angewandt, bei dem musikalische Kompositionen in Bilder gewandelt werden. Dieses Verfahren hat in der Werkstatt Atmani Dr.\u00a0Ralf\u00a0Tita nach grundlegenden Hinweisen von Atmani entwickelt. Dabei werden nach dieser neuen Methode T\u00f6ne, Intervalle und Passagen aus Kompositionen sichtbar gemacht, so dass die Bilder aus dem Tonwesen entstehen. Die Bilder selbst sind eine Mischtechnik aus Siebdruck mit Pflanzenfarben und Gold und Silber.<\/p>\n<p>Neben den 7 Stufen kann als Zusammenfassung als 8. Bild &#8222;Aufersteh&#8217;n&#8220; gelten. Zu jeder Stufe gibt es eine Begleitung in Punkten (zentrifugal) und eine Begleitung aus der Sph\u00e4re (zentripetal). Das Punktbild entspricht dem m\u00e4nnlichen Prinzip (Animus), das Sph\u00e4renbild dem weiblichen Prinzip der Seele (Anima). Das Bild in der Mitte ist nach Goethe als die zu bildende Mitte zu verstehen, die er als einfache Verbindung zwischen den Polen Synthese nennt und als menschliche Mitte Steigerung. Auf jeden Fall liegt der Anfang einer Unterscheidung der Mittequalit\u00e4t bei Goethe. So liegt in jeder Stufe eine Dreiheit vor. Von Stufe zu Stufe kann die Wandlung der Dreiheiten erlebbar werden.<\/p>\n<p>Zugrunde liegen Kompositionen des K\u00fcnstlers. Die Worte in den Kompositionen, die vertont wurden, haben den Bildern ihren Namen gegeben. Es handelt sich um Goethes &#8222;Geheimnisse&#8220; und um Hymnen von Atmani.<\/p>\n<p><\/div>[\/vc_column_text][\/vc_column][\/vc_row][vc_row][vc_column][vc_separator color=&#8220;custom&#8220; accent_color=&#8220;#fbc441&#8243;][\/vc_column][\/vc_row][vc_row no_bottom_margin=&#8220;yes&#8220; css=&#8220;.vc_custom_1491397406119{padding-top: 40px !important;padding-bottom: 40px !important;}&#8220;][vc_column][vc_column_text]<\/p>\n<h3>Ton-Kreis-Bilder<\/h3>\n<p>[\/vc_column_text][lab_portfolio_items category_filter=&#8220;no&#8220; portfolio_type=&#8220;type-2&#8243; dynamic_image_height=&#8220;yes&#8220; pagination_type=&#8220;endless&#8220; endless_show_more_button_text=&#8220;Mehr&#8220; endless_no_more_items_button_text=&#8220;Keine weiteren Arbeiten verf\u00fcgbar&#8220; portfolio_query=&#8220;size:8|order_by:date|post_type:,portfolio|by_id:4402,4419,4416&#8243;][vc_column_text]Die Ton-Kreis-Bilder sind eine Frucht der Begegnung von Kunst und Wissenschaft, indem mehrere T\u00f6ne in Form von Intervallen in eine Kreisform projiziert werden. In den Ton-Kreis-Bildern ist es gelungen, eine wissenschaftliche Darstellung von komplexen Akkordverbindungen und Melodien in das Sichtbare zu bringen. Die Ton-Kreis-Bilder sind eine komplette Neusch\u00f6pfung. Es gibt weltweit keine vergleichbare Entwicklung. Als \u201ePatent\u201c sind sie in den H\u00e4nden von Dr. Ralf Tita und Atmani.[\/vc_column_text][\/vc_column][\/vc_row][vc_row css=&#8220;.vc_custom_1493025923811{margin-bottom: 50px !important;}&#8220;][vc_column][vc_separator color=&#8220;custom&#8220; accent_color=&#8220;#fbc441&#8243;][\/vc_column][\/vc_row][vc_row][vc_column][vc_column_text]<\/p>\n<h3>Ausstellungen<\/h3>\n<p>[\/vc_column_text][\/vc_column][\/vc_row][vc_row][vc_column width=&#8220;1\/2&#8243;][vc_column_text]<a href=\"http:\/\/www.bjmoca.com\/newsdetail.php?kindid1=13&amp;kindid2=24&amp;id=241\" target=\"_blank\" rel=\"noopener noreferrer\">MoCA &#8211; Museum of Contemporary Art &#8211; Beijing<\/a>[\/vc_column_text][\/vc_column][vc_column width=&#8220;1\/2&#8243;][vc_column_text el_class=&#8220;color-date&#8220;]26. April &#8211; 10. Juni[\/vc_column_text][\/vc_column][\/vc_row][vc_row][vc_column width=&#8220;1\/2&#8243;][vc_column_text]<a href=\"http:\/\/www.artbeijing.net\/?l=en\" target=\"_blank\" rel=\"noopener noreferrer\">Art Beijing 2017<\/a>[\/vc_column_text][\/vc_column][vc_column width=&#8220;1\/2&#8243;][vc_column_text el_class=&#8220;color-date&#8220;]29. April &#8211;\u00a002. Mai[\/vc_column_text][\/vc_column][\/vc_row][vc_row][vc_column width=&#8220;1\/2&#8243;][vc_column_text]<a href=\"http:\/\/sartfair.com\/2017\/eweb\/index.asp\" target=\"_blank\" rel=\"noopener noreferrer\">Shanghai Art Fair 2017<\/a>[\/vc_column_text][\/vc_column][vc_column width=&#8220;1\/2&#8243;][vc_column_text el_class=&#8220;color-date&#8220;]02. November &#8211; 05. November[\/vc_column_text][\/vc_column][\/vc_row][vc_row][vc_column width=&#8220;1\/2&#8243;][vc_column_text]<a href=\"http:\/\/pashminart-gallery.com\/index.htm\" target=\"_blank\" rel=\"noopener noreferrer\">Pashmin Art Gallery \/ Shanghai<\/a>[\/vc_column_text][\/vc_column][vc_column width=&#8220;1\/2&#8243;][vc_column_text el_class=&#8220;color-date&#8220;]November[\/vc_column_text][\/vc_column][\/vc_row][vc_row][vc_column width=&#8220;1\/2&#8243;][vc_column_text]<a href=\"http:\/\/pashminart-gallery.com\/index.htm\" target=\"_blank\" rel=\"noopener noreferrer\">Pashmin Art Gallery \/\u00a0Hamburg<\/a>[\/vc_column_text][\/vc_column][vc_column width=&#8220;1\/2&#8243;][vc_column_text el_class=&#8220;color-date&#8220;]Dezember[\/vc_column_text][\/vc_column][\/vc_row][vc_row][vc_column][vc_single_image image=&#8220;4489&#8243; img_size=&#8220;&#8220; onclick=&#8220;custom_link&#8220; img_link_target=&#8220;_blank&#8220; link=&#8220;http:\/\/pashminart-gallery.com\/index.htm&#8220;][\/vc_column][\/vc_row]<\/p>\n","protected":false},"excerpt":{"rendered":"<p>[vc_row full_width=&#8220;stretch_row_content_no_spaces&#8220; no_bottom_margin=&#8220;yes&#8220;][vc_column][rev_slider_vc alias=&#8220;homepage&#8220;][\/vc_column][\/vc_row][vc_row no_bottom_margin=&#8220;yes&#8220; css=&#8220;.vc_custom_1491397406119{padding-top: 40px !important;padding-bottom: 40px !important;}&#8220; el_id=&#8220;main&#8220;][vc_column][vc_column_text] Kunst aus Tonlicht und Farbenklang (Wort) &nbsp; Was verbindet unsere Kulturen? Wie k\u00f6nnen wir gestaltend zusammen wachsen? Wir erleben alles durch das Licht und den Gegenpol, die Finsternis. Der Mensch steht an der Schwelle: Schafft er es die Mitte zu bilden? Wollen wir die&hellip;<\/p>\n","protected":false},"author":1,"featured_media":0,"parent":0,"menu_order":0,"comment_status":"closed","ping_status":"closed","template":"","meta":{"inline_featured_image":false},"acf":[],"_links":{"self":[{"href":"http:\/\/www.werkstatt-atmani.com\/de\/wp-json\/wp\/v2\/pages\/3359\/"}],"collection":[{"href":"http:\/\/www.werkstatt-atmani.com\/de\/wp-json\/wp\/v2\/pages\/"}],"about":[{"href":"http:\/\/www.werkstatt-atmani.com\/de\/wp-json\/wp\/v2\/types\/page\/"}],"author":[{"embeddable":true,"href":"http:\/\/www.werkstatt-atmani.com\/de\/wp-json\/wp\/v2\/users\/1\/"}],"replies":[{"embeddable":true,"href":"http:\/\/www.werkstatt-atmani.com\/de\/wp-json\/wp\/v2\/comments\/?post=3359"}],"version-history":[{"count":67,"href":"http:\/\/www.werkstatt-atmani.com\/de\/wp-json\/wp\/v2\/pages\/3359\/revisions\/"}],"predecessor-version":[{"id":4881,"href":"http:\/\/www.werkstatt-atmani.com\/de\/wp-json\/wp\/v2\/pages\/3359\/revisions\/4881\/"}],"wp:attachment":[{"href":"http:\/\/www.werkstatt-atmani.com\/de\/wp-json\/wp\/v2\/media\/?parent=3359"}],"curies":[{"name":"wp","href":"https:\/\/api.w.org\/{rel}","templated":true}]}}