{"id":2167,"date":"2017-04-04T12:23:10","date_gmt":"2017-04-04T10:23:10","guid":{"rendered":"http:\/\/demo-content.kaliumtheme.com\/main\/?page_id=2167"},"modified":"2017-04-19T17:28:28","modified_gmt":"2017-04-19T15:28:28","slug":"personen","status":"publish","type":"page","link":"http:\/\/www.werkstatt-atmani.com\/de\/personen\/","title":{"rendered":"Personen"},"content":{"rendered":"<p>[vc_row][vc_column][vc_column_text]<\/p>\n<h2>Personen<\/h2>\n<p>[\/vc_column_text][lab_team_members layout_type=&#8220;visible-titles&#8220; hover_style=&#8220;distanced&#8220;][lab_team_members_member image=&#8220;4690&#8243; name=&#8220;Atmani&#8220; description=&#8220;Atmani ist K\u00fcnstler, Forscher, Komponist, S\u00e4nger, Autor und Lehrer, der sich sein ganzes Leben mit dem Spannungsfeld von Bild und Ton im Verh\u00e4ltnis zum Menschen auseinandersetzt. In Moskau studierte er am Tschaikowski-Konservatorium Komposition. In der Werkstatt Atmani sammelt er Menschen, die mit ihm k\u00fcnstlerisch forschen und arbeiten. Er gr\u00fcndete im Jahr 2000 das \u201eHaus des Gesanges\u201c und ist Initiator des Welt-Kymatik-Kongresses.&#8220;][lab_team_members_member image=&#8220;4692&#8243; name=&#8220;Dr. Ralf Tita&#8220; description=&#8220;Dr. Ralf Tita ist Ingenieur, Informatiker und Dozent. Er arbeitet eng mit Atmani zusammen und organisierte den Welt-Kymatik-Kongress. In der Forschungsarbeit im \u201eHaus des Gesanges\u201c ist es unter der Leitung von Atmani mit den Ton-Kreis-Bildern gelungen, eine neue mathematische, bildschaffende Methode zu entwickeln, die das harmonikale Wirkfeld der Tonph\u00e4nomene sichtbar macht.&#8220;][lab_team_members_member image=&#8220;4691&#8243; name=&#8220;Nina Aristova&#8220; description=&#8220;Nina Aristova wurde in Moskau geboren. Ihre musikalische Ausbildung begann sie bei Olga Muchortova, einer Sch\u00fclerin Sergeij Rachmaninoffs. Mit Auszeichnung beendete sie ihr Studium als Konzertpianistin, Komponistin und Dirigentin am Moskauer Tschaikowski-Konservatorium; anschlie\u00dfend absolvierte sie ein postgraduiertes Studium. Sie erhielt verschiedene Preise und Auszeichnungen.&#8220;][\/lab_team_members][\/vc_column][\/vc_row]<\/p>\n","protected":false},"excerpt":{"rendered":"<p>[vc_row][vc_column][vc_column_text] Personen [\/vc_column_text][lab_team_members layout_type=&#8220;visible-titles&#8220; hover_style=&#8220;distanced&#8220;][lab_team_members_member image=&#8220;4690&#8243; name=&#8220;Atmani&#8220; description=&#8220;Atmani ist K\u00fcnstler, Forscher, Komponist, S\u00e4nger, Autor und Lehrer, der sich sein ganzes Leben mit dem Spannungsfeld von Bild und Ton im Verh\u00e4ltnis zum Menschen auseinandersetzt. In Moskau studierte er am Tschaikowski-Konservatorium Komposition. In der Werkstatt Atmani sammelt er Menschen, die mit ihm k\u00fcnstlerisch forschen und arbeiten. Er&hellip;<\/p>\n","protected":false},"author":1,"featured_media":0,"parent":0,"menu_order":0,"comment_status":"closed","ping_status":"closed","template":"","meta":{"inline_featured_image":false},"acf":[],"_links":{"self":[{"href":"http:\/\/www.werkstatt-atmani.com\/de\/wp-json\/wp\/v2\/pages\/2167\/"}],"collection":[{"href":"http:\/\/www.werkstatt-atmani.com\/de\/wp-json\/wp\/v2\/pages\/"}],"about":[{"href":"http:\/\/www.werkstatt-atmani.com\/de\/wp-json\/wp\/v2\/types\/page\/"}],"author":[{"embeddable":true,"href":"http:\/\/www.werkstatt-atmani.com\/de\/wp-json\/wp\/v2\/users\/1\/"}],"replies":[{"embeddable":true,"href":"http:\/\/www.werkstatt-atmani.com\/de\/wp-json\/wp\/v2\/comments\/?post=2167"}],"version-history":[{"count":14,"href":"http:\/\/www.werkstatt-atmani.com\/de\/wp-json\/wp\/v2\/pages\/2167\/revisions\/"}],"predecessor-version":[{"id":4695,"href":"http:\/\/www.werkstatt-atmani.com\/de\/wp-json\/wp\/v2\/pages\/2167\/revisions\/4695\/"}],"wp:attachment":[{"href":"http:\/\/www.werkstatt-atmani.com\/de\/wp-json\/wp\/v2\/media\/?parent=2167"}],"curies":[{"name":"wp","href":"https:\/\/api.w.org\/{rel}","templated":true}]}}